{"id":7117,"date":"2025-02-03T01:03:41","date_gmt":"2025-02-03T00:03:41","guid":{"rendered":"https:\/\/galeriaresistencia.com\/?post_type=product&#038;p=7117"},"modified":"2026-01-18T02:37:45","modified_gmt":"2026-01-18T01:37:45","slug":"gargantilha-covid","status":"publish","type":"product","link":"https:\/\/galeriaresistencia.com\/en\/product\/gargantilha-covid\/","title":{"rendered":"Gargantilha Covid"},"content":{"rendered":"<p data-start=\"1896\" data-end=\"1977\"><em data-start=\"1896\" data-end=\"1975\">Prata 925, vidro \u2014 68,6 g, di\u00e2metro interior 13 cm, di\u00e2metro exterior 15,5 cm<\/em><\/p>\n<p data-start=\"1979\" data-end=\"2669\">Esta gargantilha da ComCeito apresenta o vidro como mat\u00e9ria de mem\u00f3ria, resili\u00eancia e experi\u00eancia coletiva. Composta por contas de vidro fundido organizadas numa estrutura circular compacta, a pe\u00e7a forma um anel cont\u00ednuo que assenta junto ao corpo, criando uma sensa\u00e7\u00e3o de conten\u00e7\u00e3o e prote\u00e7\u00e3o. As varia\u00e7\u00f5es de cor, translucidez e textura interna de cada conta introduzem ritmo e movimento subtil, enquanto o peso e a escala do colar afirmam presen\u00e7a e densidade. Concebida num per\u00edodo marcado pelo isolamento, esta joia assume uma leitura simultaneamente pessoal e universal \u2014 um objeto que delimita espa\u00e7o em torno do corpo, transformando fragilidade em for\u00e7a e proximidade em conforto.<\/p>\n<p>Mais sobre ComCeito <a href=\"https:\/\/galeriaresistencia.com\/en\/comceito-2\/\" target=\"_blank\" rel=\"noopener\">here<\/a>.<\/p>","protected":false},"excerpt":{"rendered":"<p>Gargantilha inspirada durante a pandemia com elementos desenhados com a estrutura molecular do virus.<\/p>","protected":false},"featured_media":33029,"comment_status":"open","ping_status":"closed","template":"","meta":[],"product_brand":[207],"product_cat":[268,171],"product_tag":[237,247,218,272],"class_list":{"0":"post-7117","1":"product","2":"type-product","3":"status-publish","4":"has-post-thumbnail","6":"product_brand-comceito","7":"product_cat-colar","8":"product_cat-joalharia","9":"product_tag-glass","10":"product_tag-prata","11":"product_tag-silver","12":"product_tag-vidro","13":"product_shipping_class-joias","15":"first","16":"instock","17":"shipping-taxable","18":"purchasable","19":"product-type-simple","20":"add-to-wishlist-after_add_to_cart"},"yoast_head":"<!-- This site is optimized with the Yoast SEO plugin v27.3 - https:\/\/yoast.com\/product\/yoast-seo-wordpress\/ -->\n<title>Gargantilha Covid - GaleriaResist\u00eancia<\/title>\n<meta name=\"robots\" content=\"index, follow, max-snippet:-1, max-image-preview:large, max-video-preview:-1\" \/>\n<link rel=\"canonical\" href=\"https:\/\/galeriaresistencia.com\/en\/product\/gargantilha-covid\/\" \/>\n<meta property=\"og:locale\" content=\"en_GB\" \/>\n<meta property=\"og:type\" content=\"article\" \/>\n<meta property=\"og:title\" content=\"Gargantilha Covid - GaleriaResist\u00eancia\" \/>\n<meta property=\"og:description\" content=\"Gargantilha inspirada durante a pandemia com elementos desenhados com a estrutura molecular do virus.\" \/>\n<meta property=\"og:url\" content=\"https:\/\/galeriaresistencia.com\/en\/product\/gargantilha-covid\/\" \/>\n<meta property=\"og:site_name\" content=\"GaleriaResist\u00eancia\" \/>\n<meta property=\"article:publisher\" content=\"https:\/\/www.facebook.com\/galeriaresistencia\" \/>\n<meta property=\"article:modified_time\" content=\"2026-01-18T01:37:45+00:00\" \/>\n<meta property=\"og:image\" content=\"https:\/\/galeriaresistencia.com\/wp-content\/uploads\/2025\/02\/Design-sem-nome.jpg\" \/>\n\t<meta property=\"og:image:width\" content=\"1080\" \/>\n\t<meta property=\"og:image:height\" content=\"1080\" \/>\n\t<meta property=\"og:image:type\" content=\"image\/jpeg\" \/>\n<meta name=\"twitter:card\" content=\"summary_large_image\" \/>\n<meta name=\"twitter:label1\" content=\"Estimated reading time\" \/>\n\t<meta name=\"twitter:data1\" content=\"1 minute\" \/>\n<script type=\"application\/ld+json\" class=\"yoast-schema-graph\">{\"@context\":\"https:\\\/\\\/schema.org\",\"@graph\":[{\"@type\":\"WebPage\",\"@id\":\"https:\\\/\\\/galeriaresistencia.com\\\/product\\\/gargantilha-covid\\\/\",\"url\":\"https:\\\/\\\/galeriaresistencia.com\\\/product\\\/gargantilha-covid\\\/\",\"name\":\"Gargantilha Covid - GaleriaResist\u00eancia\",\"isPartOf\":{\"@id\":\"https:\\\/\\\/galeriaresistencia.com\\\/pt\\\/#website\"},\"primaryImageOfPage\":{\"@id\":\"https:\\\/\\\/galeriaresistencia.com\\\/product\\\/gargantilha-covid\\\/#primaryimage\"},\"image\":{\"@id\":\"https:\\\/\\\/galeriaresistencia.com\\\/product\\\/gargantilha-covid\\\/#primaryimage\"},\"thumbnailUrl\":\"https:\\\/\\\/galeriaresistencia.com\\\/wp-content\\\/uploads\\\/2025\\\/02\\\/Design-sem-nome.jpg\",\"datePublished\":\"2025-02-03T00:03:41+00:00\",\"dateModified\":\"2026-01-18T01:37:45+00:00\",\"breadcrumb\":{\"@id\":\"https:\\\/\\\/galeriaresistencia.com\\\/product\\\/gargantilha-covid\\\/#breadcrumb\"},\"inLanguage\":\"en-GB\",\"potentialAction\":[{\"@type\":\"ReadAction\",\"target\":[\"https:\\\/\\\/galeriaresistencia.com\\\/product\\\/gargantilha-covid\\\/\"]}]},{\"@type\":\"ImageObject\",\"inLanguage\":\"en-GB\",\"@id\":\"https:\\\/\\\/galeriaresistencia.com\\\/product\\\/gargantilha-covid\\\/#primaryimage\",\"url\":\"https:\\\/\\\/galeriaresistencia.com\\\/wp-content\\\/uploads\\\/2025\\\/02\\\/Design-sem-nome.jpg\",\"contentUrl\":\"https:\\\/\\\/galeriaresistencia.com\\\/wp-content\\\/uploads\\\/2025\\\/02\\\/Design-sem-nome.jpg\",\"width\":1080,\"height\":1080},{\"@type\":\"BreadcrumbList\",\"@id\":\"https:\\\/\\\/galeriaresistencia.com\\\/product\\\/gargantilha-covid\\\/#breadcrumb\",\"itemListElement\":[{\"@type\":\"ListItem\",\"position\":1,\"name\":\"Home\",\"item\":\"https:\\\/\\\/galeriaresistencia.com\\\/\"},{\"@type\":\"ListItem\",\"position\":2,\"name\":\"Loja\",\"item\":\"https:\\\/\\\/galeriaresistencia.com\\\/loja\\\/\"},{\"@type\":\"ListItem\",\"position\":3,\"name\":\"Gargantilha Covid\"}]},{\"@type\":\"WebSite\",\"@id\":\"https:\\\/\\\/galeriaresistencia.com\\\/pt\\\/#website\",\"url\":\"https:\\\/\\\/galeriaresistencia.com\\\/pt\\\/\",\"name\":\"Galeria Resist\u00eancia\",\"description\":\"Arte e Joalharia em Lisboa\",\"publisher\":{\"@id\":\"https:\\\/\\\/galeriaresistencia.com\\\/pt\\\/#organization\"},\"potentialAction\":[{\"@type\":\"SearchAction\",\"target\":{\"@type\":\"EntryPoint\",\"urlTemplate\":\"https:\\\/\\\/galeriaresistencia.com\\\/pt\\\/?s={search_term_string}\"},\"query-input\":{\"@type\":\"PropertyValueSpecification\",\"valueRequired\":true,\"valueName\":\"search_term_string\"}}],\"inLanguage\":\"en-GB\"},{\"@type\":\"Organization\",\"@id\":\"https:\\\/\\\/galeriaresistencia.com\\\/pt\\\/#organization\",\"name\":\"Galeria Resist\u00eancia\",\"url\":\"https:\\\/\\\/galeriaresistencia.com\\\/pt\\\/\",\"logo\":{\"@type\":\"ImageObject\",\"inLanguage\":\"en-GB\",\"@id\":\"https:\\\/\\\/galeriaresistencia.com\\\/pt\\\/#\\\/schema\\\/logo\\\/image\\\/\",\"url\":\"https:\\\/\\\/galeriaresistencia.com\\\/wp-content\\\/uploads\\\/2022\\\/10\\\/GR-Logo-350-x-100.jpg\",\"contentUrl\":\"https:\\\/\\\/galeriaresistencia.com\\\/wp-content\\\/uploads\\\/2022\\\/10\\\/GR-Logo-350-x-100.jpg\",\"width\":350,\"height\":100,\"caption\":\"Galeria Resist\u00eancia\"},\"image\":{\"@id\":\"https:\\\/\\\/galeriaresistencia.com\\\/pt\\\/#\\\/schema\\\/logo\\\/image\\\/\"},\"sameAs\":[\"https:\\\/\\\/www.facebook.com\\\/galeriaresistencia\",\"https:\\\/\\\/www.instagram.com\\\/galeriaresistencia\"]}]}<\/script>\n<!-- \/ Yoast SEO plugin. -->","yoast_head_json":{"title":"Gargantilha Covid - GaleriaResist\u00eancia","robots":{"index":"index","follow":"follow","max-snippet":"max-snippet:-1","max-image-preview":"max-image-preview:large","max-video-preview":"max-video-preview:-1"},"canonical":"https:\/\/galeriaresistencia.com\/en\/product\/gargantilha-covid\/","og_locale":"en_GB","og_type":"article","og_title":"Gargantilha Covid - GaleriaResist\u00eancia","og_description":"Gargantilha inspirada durante a pandemia com elementos desenhados com a estrutura molecular do virus.","og_url":"https:\/\/galeriaresistencia.com\/en\/product\/gargantilha-covid\/","og_site_name":"GaleriaResist\u00eancia","article_publisher":"https:\/\/www.facebook.com\/galeriaresistencia","article_modified_time":"2026-01-18T01:37:45+00:00","og_image":[{"width":1080,"height":1080,"url":"https:\/\/galeriaresistencia.com\/wp-content\/uploads\/2025\/02\/Design-sem-nome.jpg","type":"image\/jpeg"}],"twitter_card":"summary_large_image","twitter_misc":{"Estimated reading time":"1 minute"},"schema":{"@context":"https:\/\/schema.org","@graph":[{"@type":"WebPage","@id":"https:\/\/galeriaresistencia.com\/product\/gargantilha-covid\/","url":"https:\/\/galeriaresistencia.com\/product\/gargantilha-covid\/","name":"Gargantilha Covid - GaleriaResist\u00eancia","isPartOf":{"@id":"https:\/\/galeriaresistencia.com\/pt\/#website"},"primaryImageOfPage":{"@id":"https:\/\/galeriaresistencia.com\/product\/gargantilha-covid\/#primaryimage"},"image":{"@id":"https:\/\/galeriaresistencia.com\/product\/gargantilha-covid\/#primaryimage"},"thumbnailUrl":"https:\/\/galeriaresistencia.com\/wp-content\/uploads\/2025\/02\/Design-sem-nome.jpg","datePublished":"2025-02-03T00:03:41+00:00","dateModified":"2026-01-18T01:37:45+00:00","breadcrumb":{"@id":"https:\/\/galeriaresistencia.com\/product\/gargantilha-covid\/#breadcrumb"},"inLanguage":"en-GB","potentialAction":[{"@type":"ReadAction","target":["https:\/\/galeriaresistencia.com\/product\/gargantilha-covid\/"]}]},{"@type":"ImageObject","inLanguage":"en-GB","@id":"https:\/\/galeriaresistencia.com\/product\/gargantilha-covid\/#primaryimage","url":"https:\/\/galeriaresistencia.com\/wp-content\/uploads\/2025\/02\/Design-sem-nome.jpg","contentUrl":"https:\/\/galeriaresistencia.com\/wp-content\/uploads\/2025\/02\/Design-sem-nome.jpg","width":1080,"height":1080},{"@type":"BreadcrumbList","@id":"https:\/\/galeriaresistencia.com\/product\/gargantilha-covid\/#breadcrumb","itemListElement":[{"@type":"ListItem","position":1,"name":"Home","item":"https:\/\/galeriaresistencia.com\/"},{"@type":"ListItem","position":2,"name":"Loja","item":"https:\/\/galeriaresistencia.com\/loja\/"},{"@type":"ListItem","position":3,"name":"Gargantilha Covid"}]},{"@type":"WebSite","@id":"https:\/\/galeriaresistencia.com\/pt\/#website","url":"https:\/\/galeriaresistencia.com\/pt\/","name":"Galeria Resist\u00eancia","description":"Arte e Joalharia em Lisboa","publisher":{"@id":"https:\/\/galeriaresistencia.com\/pt\/#organization"},"potentialAction":[{"@type":"SearchAction","target":{"@type":"EntryPoint","urlTemplate":"https:\/\/galeriaresistencia.com\/pt\/?s={search_term_string}"},"query-input":{"@type":"PropertyValueSpecification","valueRequired":true,"valueName":"search_term_string"}}],"inLanguage":"en-GB"},{"@type":"Organization","@id":"https:\/\/galeriaresistencia.com\/pt\/#organization","name":"Galeria Resist\u00eancia","url":"https:\/\/galeriaresistencia.com\/pt\/","logo":{"@type":"ImageObject","inLanguage":"en-GB","@id":"https:\/\/galeriaresistencia.com\/pt\/#\/schema\/logo\/image\/","url":"https:\/\/galeriaresistencia.com\/wp-content\/uploads\/2022\/10\/GR-Logo-350-x-100.jpg","contentUrl":"https:\/\/galeriaresistencia.com\/wp-content\/uploads\/2022\/10\/GR-Logo-350-x-100.jpg","width":350,"height":100,"caption":"Galeria Resist\u00eancia"},"image":{"@id":"https:\/\/galeriaresistencia.com\/pt\/#\/schema\/logo\/image\/"},"sameAs":["https:\/\/www.facebook.com\/galeriaresistencia","https:\/\/www.instagram.com\/galeriaresistencia"]}]}},"_links":{"self":[{"href":"https:\/\/galeriaresistencia.com\/en\/wp-json\/wp\/v2\/product\/7117","targetHints":{"allow":["GET"]}}],"collection":[{"href":"https:\/\/galeriaresistencia.com\/en\/wp-json\/wp\/v2\/product"}],"about":[{"href":"https:\/\/galeriaresistencia.com\/en\/wp-json\/wp\/v2\/types\/product"}],"replies":[{"embeddable":true,"href":"https:\/\/galeriaresistencia.com\/en\/wp-json\/wp\/v2\/comments?post=7117"}],"version-history":[{"count":0,"href":"https:\/\/galeriaresistencia.com\/en\/wp-json\/wp\/v2\/product\/7117\/revisions"}],"wp:featuredmedia":[{"embeddable":true,"href":"https:\/\/galeriaresistencia.com\/en\/wp-json\/wp\/v2\/media\/33029"}],"wp:attachment":[{"href":"https:\/\/galeriaresistencia.com\/en\/wp-json\/wp\/v2\/media?parent=7117"}],"wp:term":[{"taxonomy":"product_brand","embeddable":true,"href":"https:\/\/galeriaresistencia.com\/en\/wp-json\/wp\/v2\/product_brand?post=7117"},{"taxonomy":"product_cat","embeddable":true,"href":"https:\/\/galeriaresistencia.com\/en\/wp-json\/wp\/v2\/product_cat?post=7117"},{"taxonomy":"product_tag","embeddable":true,"href":"https:\/\/galeriaresistencia.com\/en\/wp-json\/wp\/v2\/product_tag?post=7117"}],"curies":[{"name":"wp","href":"https:\/\/api.w.org\/{rel}","templated":true}]}}