{"id":7177,"date":"2025-02-03T02:38:42","date_gmt":"2025-02-03T01:38:42","guid":{"rendered":"https:\/\/galeriaresistencia.com\/?post_type=product&#038;p=7177"},"modified":"2026-01-18T03:19:39","modified_gmt":"2026-01-18T02:19:39","slug":"milipede","status":"publish","type":"product","link":"https:\/\/galeriaresistencia.com\/en\/product\/milipede\/","title":{"rendered":"Milipede"},"content":{"rendered":"<p data-start=\"1713\" data-end=\"1756\"><em data-start=\"1713\" data-end=\"1754\">Prata 925 \u2014 19,7 g, comprimento 38,5 cm<\/em><\/p>\n<p data-start=\"1758\" data-end=\"2484\"><em data-start=\"1758\" data-end=\"1768\">Milipede<\/em>, de Eva Nunes, apresenta-se como um exerc\u00edcio de repeti\u00e7\u00e3o, ritmo e progress\u00e3o. Constru\u00eddo integralmente em fio de prata, o colar \u00e9 composto por uma sequ\u00eancia de elos interligados que variam gradualmente de escala, criando um delicado degrad\u00ea ao longo da corrente. Cada elemento nasce de um \u00fanico gesto modular \u2014 um aro reinterpretado como unidade estrutural \u2014 repetido e transformado atrav\u00e9s da varia\u00e7\u00e3o. A forma resultante sugere movimento e continuidade, evocando um corpo articulado em desloca\u00e7\u00e3o. Preciso e l\u00fadico, este colar reflete o interesse de Eva Nunes por sistemas, processo e pensamento criativo, onde uma constru\u00e7\u00e3o simples se torna uma estrutura viva e vest\u00edvel atrav\u00e9s da acumula\u00e7\u00e3o e da inten\u00e7\u00e3o.<\/p>\n<p>Mais sobre Eva Nunes <a href=\"https:\/\/galeriaresistencia.com\/en\/eva-nunes\/\" target=\"_blank\" rel=\"noopener\">here<\/a>.<\/p>","protected":false},"excerpt":{"rendered":"<p>Colar revers\u00edvel Milipede, em prata, inspirado na fluidez e movimento caracter\u00edstico destes insetos.<\/p>","protected":false},"featured_media":33529,"comment_status":"open","ping_status":"closed","template":"","meta":[],"product_brand":[208],"product_cat":[268,171],"product_tag":[247,218],"class_list":{"0":"post-7177","1":"product","2":"type-product","3":"status-publish","4":"has-post-thumbnail","6":"product_brand-eva-nunes","7":"product_cat-colar","8":"product_cat-joalharia","9":"product_tag-prata","10":"product_tag-silver","11":"product_shipping_class-joias","13":"first","14":"instock","15":"sold-individually","16":"shipping-taxable","17":"purchasable","18":"product-type-simple","19":"add-to-wishlist-after_add_to_cart"},"yoast_head":"<!-- This site is optimized with the Yoast SEO plugin v27.3 - https:\/\/yoast.com\/product\/yoast-seo-wordpress\/ -->\n<title>Milipede - GaleriaResist\u00eancia<\/title>\n<meta name=\"robots\" content=\"index, follow, max-snippet:-1, max-image-preview:large, max-video-preview:-1\" \/>\n<link rel=\"canonical\" href=\"https:\/\/galeriaresistencia.com\/en\/product\/milipede\/\" \/>\n<meta property=\"og:locale\" content=\"en_GB\" \/>\n<meta property=\"og:type\" content=\"article\" \/>\n<meta property=\"og:title\" content=\"Milipede - GaleriaResist\u00eancia\" \/>\n<meta property=\"og:description\" content=\"Colar revers\u00edvel Milipede, em prata, inspirado na fluidez e movimento caracter\u00edstico destes insetos.\" \/>\n<meta property=\"og:url\" content=\"https:\/\/galeriaresistencia.com\/en\/product\/milipede\/\" \/>\n<meta property=\"og:site_name\" content=\"GaleriaResist\u00eancia\" \/>\n<meta property=\"article:publisher\" content=\"https:\/\/www.facebook.com\/galeriaresistencia\" \/>\n<meta property=\"article:modified_time\" content=\"2026-01-18T02:19:39+00:00\" \/>\n<meta property=\"og:image\" content=\"https:\/\/galeriaresistencia.com\/wp-content\/uploads\/2025\/05\/Design-sem-nome1.jpg\" \/>\n\t<meta property=\"og:image:width\" content=\"1080\" \/>\n\t<meta property=\"og:image:height\" content=\"1080\" \/>\n\t<meta property=\"og:image:type\" content=\"image\/jpeg\" \/>\n<meta name=\"twitter:card\" content=\"summary_large_image\" \/>\n<meta name=\"twitter:label1\" content=\"Estimated reading time\" \/>\n\t<meta name=\"twitter:data1\" content=\"2 minutes\" \/>\n<script type=\"application\/ld+json\" class=\"yoast-schema-graph\">{\"@context\":\"https:\\\/\\\/schema.org\",\"@graph\":[{\"@type\":\"WebPage\",\"@id\":\"https:\\\/\\\/galeriaresistencia.com\\\/product\\\/milipede\\\/\",\"url\":\"https:\\\/\\\/galeriaresistencia.com\\\/product\\\/milipede\\\/\",\"name\":\"Milipede - GaleriaResist\u00eancia\",\"isPartOf\":{\"@id\":\"https:\\\/\\\/galeriaresistencia.com\\\/pt\\\/#website\"},\"primaryImageOfPage\":{\"@id\":\"https:\\\/\\\/galeriaresistencia.com\\\/product\\\/milipede\\\/#primaryimage\"},\"image\":{\"@id\":\"https:\\\/\\\/galeriaresistencia.com\\\/product\\\/milipede\\\/#primaryimage\"},\"thumbnailUrl\":\"https:\\\/\\\/galeriaresistencia.com\\\/wp-content\\\/uploads\\\/2025\\\/05\\\/Design-sem-nome1.jpg\",\"datePublished\":\"2025-02-03T01:38:42+00:00\",\"dateModified\":\"2026-01-18T02:19:39+00:00\",\"breadcrumb\":{\"@id\":\"https:\\\/\\\/galeriaresistencia.com\\\/product\\\/milipede\\\/#breadcrumb\"},\"inLanguage\":\"en-GB\",\"potentialAction\":[{\"@type\":\"ReadAction\",\"target\":[\"https:\\\/\\\/galeriaresistencia.com\\\/product\\\/milipede\\\/\"]}]},{\"@type\":\"ImageObject\",\"inLanguage\":\"en-GB\",\"@id\":\"https:\\\/\\\/galeriaresistencia.com\\\/product\\\/milipede\\\/#primaryimage\",\"url\":\"https:\\\/\\\/galeriaresistencia.com\\\/wp-content\\\/uploads\\\/2025\\\/05\\\/Design-sem-nome1.jpg\",\"contentUrl\":\"https:\\\/\\\/galeriaresistencia.com\\\/wp-content\\\/uploads\\\/2025\\\/05\\\/Design-sem-nome1.jpg\",\"width\":1080,\"height\":1080},{\"@type\":\"BreadcrumbList\",\"@id\":\"https:\\\/\\\/galeriaresistencia.com\\\/product\\\/milipede\\\/#breadcrumb\",\"itemListElement\":[{\"@type\":\"ListItem\",\"position\":1,\"name\":\"Home\",\"item\":\"https:\\\/\\\/galeriaresistencia.com\\\/\"},{\"@type\":\"ListItem\",\"position\":2,\"name\":\"Loja\",\"item\":\"https:\\\/\\\/galeriaresistencia.com\\\/loja\\\/\"},{\"@type\":\"ListItem\",\"position\":3,\"name\":\"Milipede\"}]},{\"@type\":\"WebSite\",\"@id\":\"https:\\\/\\\/galeriaresistencia.com\\\/pt\\\/#website\",\"url\":\"https:\\\/\\\/galeriaresistencia.com\\\/pt\\\/\",\"name\":\"Galeria Resist\u00eancia\",\"description\":\"Arte e Joalharia em Lisboa\",\"publisher\":{\"@id\":\"https:\\\/\\\/galeriaresistencia.com\\\/pt\\\/#organization\"},\"potentialAction\":[{\"@type\":\"SearchAction\",\"target\":{\"@type\":\"EntryPoint\",\"urlTemplate\":\"https:\\\/\\\/galeriaresistencia.com\\\/pt\\\/?s={search_term_string}\"},\"query-input\":{\"@type\":\"PropertyValueSpecification\",\"valueRequired\":true,\"valueName\":\"search_term_string\"}}],\"inLanguage\":\"en-GB\"},{\"@type\":\"Organization\",\"@id\":\"https:\\\/\\\/galeriaresistencia.com\\\/pt\\\/#organization\",\"name\":\"Galeria Resist\u00eancia\",\"url\":\"https:\\\/\\\/galeriaresistencia.com\\\/pt\\\/\",\"logo\":{\"@type\":\"ImageObject\",\"inLanguage\":\"en-GB\",\"@id\":\"https:\\\/\\\/galeriaresistencia.com\\\/pt\\\/#\\\/schema\\\/logo\\\/image\\\/\",\"url\":\"https:\\\/\\\/galeriaresistencia.com\\\/wp-content\\\/uploads\\\/2022\\\/10\\\/GR-Logo-350-x-100.jpg\",\"contentUrl\":\"https:\\\/\\\/galeriaresistencia.com\\\/wp-content\\\/uploads\\\/2022\\\/10\\\/GR-Logo-350-x-100.jpg\",\"width\":350,\"height\":100,\"caption\":\"Galeria Resist\u00eancia\"},\"image\":{\"@id\":\"https:\\\/\\\/galeriaresistencia.com\\\/pt\\\/#\\\/schema\\\/logo\\\/image\\\/\"},\"sameAs\":[\"https:\\\/\\\/www.facebook.com\\\/galeriaresistencia\",\"https:\\\/\\\/www.instagram.com\\\/galeriaresistencia\"]}]}<\/script>\n<!-- \/ Yoast SEO plugin. -->","yoast_head_json":{"title":"Milipede - GaleriaResist\u00eancia","robots":{"index":"index","follow":"follow","max-snippet":"max-snippet:-1","max-image-preview":"max-image-preview:large","max-video-preview":"max-video-preview:-1"},"canonical":"https:\/\/galeriaresistencia.com\/en\/product\/milipede\/","og_locale":"en_GB","og_type":"article","og_title":"Milipede - GaleriaResist\u00eancia","og_description":"Colar revers\u00edvel Milipede, em prata, inspirado na fluidez e movimento caracter\u00edstico destes insetos.","og_url":"https:\/\/galeriaresistencia.com\/en\/product\/milipede\/","og_site_name":"GaleriaResist\u00eancia","article_publisher":"https:\/\/www.facebook.com\/galeriaresistencia","article_modified_time":"2026-01-18T02:19:39+00:00","og_image":[{"width":1080,"height":1080,"url":"https:\/\/galeriaresistencia.com\/wp-content\/uploads\/2025\/05\/Design-sem-nome1.jpg","type":"image\/jpeg"}],"twitter_card":"summary_large_image","twitter_misc":{"Estimated reading time":"2 minutes"},"schema":{"@context":"https:\/\/schema.org","@graph":[{"@type":"WebPage","@id":"https:\/\/galeriaresistencia.com\/product\/milipede\/","url":"https:\/\/galeriaresistencia.com\/product\/milipede\/","name":"Milipede - GaleriaResist\u00eancia","isPartOf":{"@id":"https:\/\/galeriaresistencia.com\/pt\/#website"},"primaryImageOfPage":{"@id":"https:\/\/galeriaresistencia.com\/product\/milipede\/#primaryimage"},"image":{"@id":"https:\/\/galeriaresistencia.com\/product\/milipede\/#primaryimage"},"thumbnailUrl":"https:\/\/galeriaresistencia.com\/wp-content\/uploads\/2025\/05\/Design-sem-nome1.jpg","datePublished":"2025-02-03T01:38:42+00:00","dateModified":"2026-01-18T02:19:39+00:00","breadcrumb":{"@id":"https:\/\/galeriaresistencia.com\/product\/milipede\/#breadcrumb"},"inLanguage":"en-GB","potentialAction":[{"@type":"ReadAction","target":["https:\/\/galeriaresistencia.com\/product\/milipede\/"]}]},{"@type":"ImageObject","inLanguage":"en-GB","@id":"https:\/\/galeriaresistencia.com\/product\/milipede\/#primaryimage","url":"https:\/\/galeriaresistencia.com\/wp-content\/uploads\/2025\/05\/Design-sem-nome1.jpg","contentUrl":"https:\/\/galeriaresistencia.com\/wp-content\/uploads\/2025\/05\/Design-sem-nome1.jpg","width":1080,"height":1080},{"@type":"BreadcrumbList","@id":"https:\/\/galeriaresistencia.com\/product\/milipede\/#breadcrumb","itemListElement":[{"@type":"ListItem","position":1,"name":"Home","item":"https:\/\/galeriaresistencia.com\/"},{"@type":"ListItem","position":2,"name":"Loja","item":"https:\/\/galeriaresistencia.com\/loja\/"},{"@type":"ListItem","position":3,"name":"Milipede"}]},{"@type":"WebSite","@id":"https:\/\/galeriaresistencia.com\/pt\/#website","url":"https:\/\/galeriaresistencia.com\/pt\/","name":"Galeria Resist\u00eancia","description":"Arte e Joalharia em Lisboa","publisher":{"@id":"https:\/\/galeriaresistencia.com\/pt\/#organization"},"potentialAction":[{"@type":"SearchAction","target":{"@type":"EntryPoint","urlTemplate":"https:\/\/galeriaresistencia.com\/pt\/?s={search_term_string}"},"query-input":{"@type":"PropertyValueSpecification","valueRequired":true,"valueName":"search_term_string"}}],"inLanguage":"en-GB"},{"@type":"Organization","@id":"https:\/\/galeriaresistencia.com\/pt\/#organization","name":"Galeria Resist\u00eancia","url":"https:\/\/galeriaresistencia.com\/pt\/","logo":{"@type":"ImageObject","inLanguage":"en-GB","@id":"https:\/\/galeriaresistencia.com\/pt\/#\/schema\/logo\/image\/","url":"https:\/\/galeriaresistencia.com\/wp-content\/uploads\/2022\/10\/GR-Logo-350-x-100.jpg","contentUrl":"https:\/\/galeriaresistencia.com\/wp-content\/uploads\/2022\/10\/GR-Logo-350-x-100.jpg","width":350,"height":100,"caption":"Galeria Resist\u00eancia"},"image":{"@id":"https:\/\/galeriaresistencia.com\/pt\/#\/schema\/logo\/image\/"},"sameAs":["https:\/\/www.facebook.com\/galeriaresistencia","https:\/\/www.instagram.com\/galeriaresistencia"]}]}},"_links":{"self":[{"href":"https:\/\/galeriaresistencia.com\/en\/wp-json\/wp\/v2\/product\/7177","targetHints":{"allow":["GET"]}}],"collection":[{"href":"https:\/\/galeriaresistencia.com\/en\/wp-json\/wp\/v2\/product"}],"about":[{"href":"https:\/\/galeriaresistencia.com\/en\/wp-json\/wp\/v2\/types\/product"}],"replies":[{"embeddable":true,"href":"https:\/\/galeriaresistencia.com\/en\/wp-json\/wp\/v2\/comments?post=7177"}],"version-history":[{"count":0,"href":"https:\/\/galeriaresistencia.com\/en\/wp-json\/wp\/v2\/product\/7177\/revisions"}],"wp:featuredmedia":[{"embeddable":true,"href":"https:\/\/galeriaresistencia.com\/en\/wp-json\/wp\/v2\/media\/33529"}],"wp:attachment":[{"href":"https:\/\/galeriaresistencia.com\/en\/wp-json\/wp\/v2\/media?parent=7177"}],"wp:term":[{"taxonomy":"product_brand","embeddable":true,"href":"https:\/\/galeriaresistencia.com\/en\/wp-json\/wp\/v2\/product_brand?post=7177"},{"taxonomy":"product_cat","embeddable":true,"href":"https:\/\/galeriaresistencia.com\/en\/wp-json\/wp\/v2\/product_cat?post=7177"},{"taxonomy":"product_tag","embeddable":true,"href":"https:\/\/galeriaresistencia.com\/en\/wp-json\/wp\/v2\/product_tag?post=7177"}],"curies":[{"name":"wp","href":"https:\/\/api.w.org\/{rel}","templated":true}]}}